{"id":774,"date":"2025-05-27T12:56:42","date_gmt":"2025-05-27T11:56:42","guid":{"rendered":"https:\/\/innovamos-mac.eu\/events\/"},"modified":"2025-06-26T14:10:19","modified_gmt":"2025-06-26T13:10:19","slug":"events","status":"publish","type":"page","link":"https:\/\/innovamos-mac.eu\/es\/events\/","title":{"rendered":"Eventos"},"content":{"rendered":"\t\t<div data-elementor-type=\"wp-page\" data-elementor-id=\"774\" class=\"elementor elementor-774 elementor-47\">\n\t\t\t\t<div class=\"elementor-element elementor-element-2594eea7 e-flex e-con-boxed e-con e-parent\" data-id=\"2594eea7\" data-element_type=\"container\" data-settings=\"{&quot;background_background&quot;:&quot;classic&quot;}\">\n\t\t\t\t\t<div class=\"e-con-inner\">\n\t\t\t\t<div class=\"elementor-element elementor-element-39a594d8 elementor-widget elementor-widget-heading\" data-id=\"39a594d8\" data-element_type=\"widget\" data-widget_type=\"heading.default\">\n\t\t\t\t<div class=\"elementor-widget-container\">\n\t\t\t\t\t<h1 class=\"elementor-heading-title elementor-size-default\">Eventos<\/h1>\t\t\t\t<\/div>\n\t\t\t\t<\/div>\n\t\t\t\t\t<\/div>\n\t\t\t\t<\/div>\n\t\t<div class=\"elementor-element elementor-element-175ecb1 e-flex e-con-boxed e-con e-parent\" data-id=\"175ecb1\" data-element_type=\"container\">\n\t\t\t\t\t<div class=\"e-con-inner\">\n\t\t<div class=\"elementor-element elementor-element-2a46194 e-con-full e-flex e-con e-child\" data-id=\"2a46194\" data-element_type=\"container\" id=\"events-page-shortcodes-container\" data-settings=\"{&quot;background_background&quot;:&quot;classic&quot;}\">\n\t\t\t\t<div class=\"elementor-element elementor-element-50034fe e-n-tabs-mobile elementor-widget elementor-widget-n-tabs\" data-id=\"50034fe\" data-element_type=\"widget\" data-settings=\"{&quot;tabs_justify_horizontal&quot;:&quot;center&quot;,&quot;horizontal_scroll&quot;:&quot;disable&quot;}\" data-widget_type=\"nested-tabs.default\">\n\t\t\t\t<div class=\"elementor-widget-container\">\n\t\t\t\t\t\t\t<div class=\"e-n-tabs\" data-widget-number=\"83899646\" aria-label=\"Pesta\u00f1as. Abre elementos con Intro o Espacio, ci\u00e9rralos con Escape y navega con las fechas.\">\n\t\t\t<div class=\"e-n-tabs-heading\" role=\"tablist\">\n\t\t\t\t\t<button id=\"e-n-tab-title-838996461\" class=\"e-n-tab-title\" aria-selected=\"true\" data-tab-index=\"1\" role=\"tab\" tabindex=\"0\" aria-controls=\"e-n-tab-content-838996461\" style=\"--n-tabs-title-order: 1;\">\n\t\t\t\t\t\t<span class=\"e-n-tab-title-text\">\n\t\t\t\tImportante\t\t\t<\/span>\n\t\t<\/button>\n\t\t\t\t<button id=\"e-n-tab-title-838996462\" class=\"e-n-tab-title\" aria-selected=\"false\" data-tab-index=\"2\" role=\"tab\" tabindex=\"-1\" aria-controls=\"e-n-tab-content-838996462\" style=\"--n-tabs-title-order: 2;\">\n\t\t\t\t\t\t<span class=\"e-n-tab-title-text\">\n\t\t\t\tPr\u00f3ximos Eventos\t\t\t<\/span>\n\t\t<\/button>\n\t\t\t\t<button id=\"e-n-tab-title-838996463\" class=\"e-n-tab-title\" aria-selected=\"false\" data-tab-index=\"3\" role=\"tab\" tabindex=\"-1\" aria-controls=\"e-n-tab-content-838996463\" style=\"--n-tabs-title-order: 3;\">\n\t\t\t\t\t\t<span class=\"e-n-tab-title-text\">\n\t\t\t\tFinalizados\t\t\t<\/span>\n\t\t<\/button>\n\t\t\t\t\t<\/div>\n\t\t\t<div class=\"e-n-tabs-content\">\n\t\t\t\t<div id=\"e-n-tab-content-838996461\" role=\"tabpanel\" aria-labelledby=\"e-n-tab-title-838996461\" data-tab-index=\"1\" style=\"--n-tabs-title-order: 1;\" class=\"e-active elementor-element elementor-element-b4e0d48 e-con-full e-flex e-con e-child\" data-id=\"b4e0d48\" data-element_type=\"container\">\n\t\t<div class=\"elementor-element elementor-element-604142e e-flex e-con-boxed e-con e-child\" data-id=\"604142e\" data-element_type=\"container\">\n\t\t\t\t\t<div class=\"e-con-inner\">\n\t\t\t\t<div class=\"elementor-element elementor-element-d981eaa elementor-widget elementor-widget-shortcode\" data-id=\"d981eaa\" data-element_type=\"widget\" data-widget_type=\"shortcode.default\">\n\t\t\t\t<div class=\"elementor-widget-container\">\n\t\t\t\t\t\t\t<div class=\"elementor-shortcode\"><div class=\"mec-wrap mec-skin-list-container  \" id=\"mec_skin_399\">\r\n\r\n    <form id=\"mec_search_form_399\" class=\"mec-search-form mec-totalcal-box mec-dropdown-classic\" autocomplete=\"off\"><div class=\"mec-dropdown-wrap\" style=\"display: none;\"><\/div><div class=\"mec-text-input-search\"><i class=\"mec-sl-magnifier\"><\/i>\r\n                    <input type=\"search\" value=\"\" id=\"mec_sf_s_399\" placeholder=\"\" title=\"\" \/>\r\n                <\/div><\/form>\r\n        <div class=\"mec-skin-list-events-container\" id=\"mec_skin_events_399\">\r\n        \u00a1No hay eventos!    <\/div>\r\n    \r\n    \r\n<\/div>\r\n<\/div>\n\t\t\t\t\t\t<\/div>\n\t\t\t\t<\/div>\n\t\t\t\t\t<\/div>\n\t\t\t\t<\/div>\n\t\t\t\t<\/div>\n\t\t<div id=\"e-n-tab-content-838996462\" role=\"tabpanel\" aria-labelledby=\"e-n-tab-title-838996462\" data-tab-index=\"2\" style=\"--n-tabs-title-order: 2;\" class=\" elementor-element elementor-element-8a2794d e-con-full e-flex e-con e-child\" data-id=\"8a2794d\" data-element_type=\"container\">\n\t\t<div class=\"elementor-element elementor-element-7398d38 e-flex e-con-boxed e-con e-child\" data-id=\"7398d38\" data-element_type=\"container\">\n\t\t\t\t\t<div class=\"e-con-inner\">\n\t\t\t\t<div class=\"elementor-element elementor-element-61d5319 elementor-widget elementor-widget-shortcode\" data-id=\"61d5319\" data-element_type=\"widget\" data-widget_type=\"shortcode.default\">\n\t\t\t\t<div class=\"elementor-widget-container\">\n\t\t\t\t\t\t\t<div class=\"elementor-shortcode\"><div class=\"mec-wrap mec-skin-list-container  \" id=\"mec_skin_400\">\r\n\r\n    \r\n        <div class=\"mec-skin-list-events-container\" id=\"mec_skin_events_400\">\r\n        \u00a1No hay eventos!    <\/div>\r\n    \r\n    \r\n<\/div>\r\n<\/div>\n\t\t\t\t\t\t<\/div>\n\t\t\t\t<\/div>\n\t\t\t\t\t<\/div>\n\t\t\t\t<\/div>\n\t\t\t\t<\/div>\n\t\t<div id=\"e-n-tab-content-838996463\" role=\"tabpanel\" aria-labelledby=\"e-n-tab-title-838996463\" data-tab-index=\"3\" style=\"--n-tabs-title-order: 3;\" class=\" elementor-element elementor-element-55d18cd e-con-full e-flex e-con e-child\" data-id=\"55d18cd\" data-element_type=\"container\">\n\t\t<div class=\"elementor-element elementor-element-3d01d64 e-flex e-con-boxed e-con e-child\" data-id=\"3d01d64\" data-element_type=\"container\">\n\t\t\t\t\t<div class=\"e-con-inner\">\n\t\t\t\t<div class=\"elementor-element elementor-element-b133e42 elementor-widget elementor-widget-shortcode\" data-id=\"b133e42\" data-element_type=\"widget\" data-widget_type=\"shortcode.default\">\n\t\t\t\t<div class=\"elementor-widget-container\">\n\t\t\t\t\t\t\t<div class=\"elementor-shortcode\"><div class=\"mec-wrap mec-skin-list-container  \" id=\"mec_skin_406\">\r\n\r\n    \r\n            <div class=\"mec-skin-list-events-container\" id=\"mec_skin_events_406\">\r\n        <div class=\"mec-wrap \">\r\n\t<div class=\"mec-event-list-standard\">\r\n\t\t\r\n                        <div class=\"mec-month-divider\" data-toggle-divider=\"mec-toggle-202506-406\"><span>junio 2025<\/span><i class=\"mec-sl-arrow-down\"><\/i><\/div>\r\n            \r\n                        <article class=\"mec-past-event mec-event-article  mec-clear  mec-divider-toggle mec-toggle-202506-406\" itemscope>\r\n                                                        <div class=\"mec-topsec\">\r\n                                                <div class=\"col-md-3 mec-event-image-wrap mec-col-table-c\">\r\n                            <div class=\"mec-event-image\"><a data-event-id=\"298\" href=\"https:\/\/innovamos-mac.eu\/es\/events-all\/el-proyecto-innovamos-celebrara-su-evento-publico-de-lanzamiento-el-proximo-17-de-junio-en-gran-canaria\/\" target=\"_blank\" rel=\"noopener\"><img fetchpriority=\"high\" decoding=\"async\" width=\"300\" height=\"300\" src=\"https:\/\/innovamos-mac.eu\/wp-content\/uploads\/2025\/06\/portada-evento-innovamos-300x300.jpg\" class=\"attachment-thumblist size-thumblist wp-post-image\" alt=\"\" data-mec-postid=\"298\" \/><\/a><\/div>\r\n                        <\/div>\r\n                        \r\n                        <div class=\"col-md-9 mec-col-table-c mec-event-content-wrap\">\r\n                            <div class=\"mec-event-content\">\r\n                                                                                                <h3 class=\"mec-event-title\"><a class=\"mec-color-hover\" data-event-id=\"298\" href=\"https:\/\/innovamos-mac.eu\/es\/events-all\/el-proyecto-innovamos-celebrara-su-evento-publico-de-lanzamiento-el-proximo-17-de-junio-en-gran-canaria\/\" target=\"_blank\" rel=\"noopener\">El proyecto InnoVamos celebrar\u00e1 su evento p\u00fablico de lanzamiento el pr\u00f3ximo 17 de junio en Gran Canaria<\/a><\/h3>\r\n                                <div class=\"mec-event-description\">InnoVaci\u00f3n, Colaboraci\u00f3n y Transferencia de Conocimiento y Tecnolog\u00eda en el Espacio MAC: Hacia un Ecosistema din\u00e1mico para la Innovaci\u00f3n\r\n\r\n&nbsp;\r\n\r\nMartes, 3 de junio de 2025 \u2013 El proyecto europeo InnoVamos, financiado <span>...<\/span><\/div>\r\n                            <\/div>\r\n                            <div class=\"mec-event-meta mec-color-before\">\r\n                                <div class=\"mec-date-details\">\r\n                                                                            <span class=\"mec-event-d\"><svg xmlns=\"http:\/\/www.w3.org\/2000\/svg\" width=\"16\" height=\"16\" viewBox=\"0 0 16 16\"><path id=\"calendar\" d=\"M14.667,16H1.333A1.335,1.335,0,0,1,0,14.667v-12A1.335,1.335,0,0,1,1.333,1.333H4.667V.667A.667.667,0,1,1,6,.667v.667h4V.667a.667.667,0,1,1,1.333,0v.667h3.333A1.335,1.335,0,0,1,16,2.667v12A1.335,1.335,0,0,1,14.667,16ZM11.333,2.667v.667a.667.667,0,1,1-1.333,0V2.667H6v.667a.667.667,0,0,1-1.333,0V2.667H1.333v12H14.665l0-12ZM12.667,12H11.333a.667.667,0,0,1-.667-.667V10a.667.667,0,0,1,.667-.667h1.333a.667.667,0,0,1,.667.667v1.333A.667.667,0,0,1,12.667,12Zm0-4H11.333a.667.667,0,0,1-.667-.667V6a.667.667,0,0,1,.667-.667h1.333A.667.667,0,0,1,13.333,6V7.333A.667.667,0,0,1,12.667,8Zm-4,4H7.333a.667.667,0,0,1-.667-.667V10a.667.667,0,0,1,.667-.667H8.667A.667.667,0,0,1,9.333,10v1.333A.667.667,0,0,1,8.667,12Zm0-4H7.333a.667.667,0,0,1-.667-.667V6a.667.667,0,0,1,.667-.667H8.667A.667.667,0,0,1,9.333,6V7.333A.667.667,0,0,1,8.667,8Zm-4,4H3.333a.667.667,0,0,1-.667-.667V10a.667.667,0,0,1,.667-.667H4.667A.667.667,0,0,1,5.333,10v1.333A.667.667,0,0,1,4.667,12Zm0-4H3.333a.667.667,0,0,1-.667-.667V6a.667.667,0,0,1,.667-.667H4.667A.667.667,0,0,1,5.333,6V7.333A.667.667,0,0,1,4.667,8Z\" fill=\"#60daf2\" fill-rule=\"evenodd\"\/><\/svg><span class=\"mec-start-date-label\">Jun, 17th, 25<\/span><\/span>\r\n                                                                    <\/div>\r\n                                                                <div class=\"mec-time-details\"><svg xmlns=\"http:\/\/www.w3.org\/2000\/svg\" width=\"16\" height=\"16\" viewBox=\"0 0 16 16\"><path id=\"clock\" d=\"M8,16a8,8,0,1,1,8-8A8.009,8.009,0,0,1,8,16ZM8,1.333A6.667,6.667,0,1,0,14.667,8,6.674,6.674,0,0,0,8,1.333Zm2.667,10a.665.665,0,0,1-.471-.2L7.529,8.471a.666.666,0,0,1-.144-.217A.673.673,0,0,1,7.333,8V3.333a.667.667,0,1,1,1.333,0V7.724L11.138,10.2a.667.667,0,0,1-.471,1.138Z\" fill=\"#60daf2\" \/><\/svg><span class=\"mec-start-time\">09:00<\/span> - <span class=\"mec-end-time\">18:00<\/span><\/div>                                                                                                                                                                                                                            <\/div>\r\n                        <\/div>\r\n                    <\/div>\r\n                    <div class=\"mec-event-footer\">\r\n                                                <ul class=\"mec-event-sharing-wrap\">\r\n                            <li class=\"mec-event-share\">\r\n                                <a href=\"#\" class=\"mec-event-share-icon\">\r\n                                    <i class=\"mec-sl-share\" title=\"social share\"><\/i>\r\n                                <\/a>\r\n                            <\/li>\r\n                            <li>\r\n                                <ul class=\"mec-event-sharing\">\r\n                                    <li class=\"mec-event-social-icon\"><a class=\"facebook\" href=\"https:\/\/www.facebook.com\/sharer\/sharer.php?u=https%3A%2F%2Finnovamos-mac.eu%2Fes%2Fevents-all%2Fel-proyecto-innovamos-celebrara-su-evento-publico-de-lanzamiento-el-proximo-17-de-junio-en-gran-canaria%2F\" onclick=\"javascript:window.open(this.href, '', 'menubar=no,toolbar=no,resizable=yes,scrollbars=yes,height=500,width=600'); return false;\" target=\"_blank\" title=\"Compartir en Facebook\"><i class=\"mec-fa-facebook\"><\/i><span class=\"mec-social-title\">Facebook<\/span><\/a><\/li><li class=\"mec-event-social-icon\"><a class=\"twitter\" href=\"https:\/\/twitter.com\/share?url=https%3A%2F%2Finnovamos-mac.eu%2Fes%2Fevents-all%2Fel-proyecto-innovamos-celebrara-su-evento-publico-de-lanzamiento-el-proximo-17-de-junio-en-gran-canaria%2F\" onclick=\"javascript:window.open(this.href, '', 'menubar=no,toolbar=no,resizable=yes,scrollbars=yes,height=600,width=500'); return false;\" target=\"_blank\" title=\"X Social Network\"><svg xmlns=\"http:\/\/www.w3.org\/2000\/svg\" shape-rendering=\"geometricPrecision\" text-rendering=\"geometricPrecision\" image-rendering=\"optimizeQuality\" fill-rule=\"evenodd\" clip-rule=\"evenodd\" viewBox=\"0 0 512 462.799\"><path fill-rule=\"nonzero\" d=\"M403.229 0h78.506L310.219 196.04 512 462.799H354.002L230.261 301.007 88.669 462.799h-78.56l183.455-209.683L0 0h161.999l111.856 147.88L403.229 0zm-27.556 415.805h43.505L138.363 44.527h-46.68l283.99 371.278z\"\/><\/svg><span class=\"mec-social-title\">Twitter<\/span><\/a><\/li><li class=\"mec-event-social-icon\"><a class=\"linkedin\" href=\"https:\/\/www.linkedin.com\/shareArticle?mini=true&url=https%3A%2F%2Finnovamos-mac.eu%2Fes%2Fevents-all%2Fel-proyecto-innovamos-celebrara-su-evento-publico-de-lanzamiento-el-proximo-17-de-junio-en-gran-canaria%2F\" onclick=\"javascript:window.open(this.href, '', 'menubar=no,toolbar=no,resizable=yes,scrollbars=yes,height=600,width=500'); return false;\" target=\"_blank\" title=\"LinkedIn\"><i class=\"mec-fa-linkedin\"><\/i><span class=\"mec-social-title\">LinkedIn<\/span><\/a><\/li><li class=\"mec-event-social-icon\"><a class=\"email\" href=\"mailto:?subject=El%20proyecto%20InnoVamos%20celebrar%C3%A1%20su%20evento%20p%C3%BAblico%20de%20lanzamiento%20el%20pr%C3%B3ximo%2017%20de%20junio%20en%20Gran%20Canaria&body=https%3A%2F%2Finnovamos-mac.eu%2Fes%2Fevents-all%2Fel-proyecto-innovamos-celebrara-su-evento-publico-de-lanzamiento-el-proximo-17-de-junio-en-gran-canaria%2F\" title=\"Correo electr\u00f3nico\"><i class=\"mec-fa-envelope\"><\/i><span class=\"mec-social-title\">Correo electr\u00f3nico<\/span><\/a><\/li>                                <\/ul>\r\n                            <\/li>\r\n                        <\/ul>\r\n                                                <a class=\"list-calendar-add-gcal\" href=\"https:\/\/calendar.google.com\/calendar\/render?action=TEMPLATE&text=El+proyecto+InnoVamos+celebrar%C3%A1+su+evento+p%C3%BAblico+de+lanzamiento+el+pr%C3%B3ximo+17+de+junio+en+Gran+Canaria&dates=20250617T080000Z\/20250617T170000Z\" target=\"_blank\"><img decoding=\"async\" src=\"https:\/\/exper-project.eu\/wp-content\/uploads\/2022\/12\/add_calendar.png\" alt=\"\"><\/a>                                                                                                <a class=\"mec-booking-button\" data-event-id=\"298\" href=\"https:\/\/innovamos-mac.eu\/es\/events-all\/el-proyecto-innovamos-celebrara-su-evento-publico-de-lanzamiento-el-proximo-17-de-junio-en-gran-canaria\/\" target=\"_blank\" rel=\"noopener\">Ver detalle<\/a>                    <\/div>\r\n                            <\/article>\r\n            \t\t\t<\/div>\r\n<\/div>\r\n\r\n    <\/div>\r\n    <div class=\"mec-skin-list-no-events-container mec-util-hidden\" id=\"mec_skin_no_events_406\">\r\n        \u00a1No hay eventos!    <\/div>\r\n    \r\n    \r\n<\/div>\r\n<\/div>\n\t\t\t\t\t\t<\/div>\n\t\t\t\t<\/div>\n\t\t\t\t\t<\/div>\n\t\t\t\t<\/div>\n\t\t\t\t<\/div>\n\t\t\t\t\t<\/div>\n\t\t<\/div>\n\t\t\t\t\t\t<\/div>\n\t\t\t\t<\/div>\n\t\t\t\t<\/div>\n\t\t\t\t\t<\/div>\n\t\t\t\t<\/div>\n\t\t\t\t<\/div>\n\t\t","protected":false},"excerpt":{"rendered":"<p>Eventos Importante Pr\u00f3ximos Eventos Finalizados No event found! No event found! June 2025 O Projeto InnoVamos Celebrar\u00e1 o Seu Evento [&hellip;]<\/p>\n","protected":false},"author":1,"featured_media":0,"parent":0,"menu_order":0,"comment_status":"closed","ping_status":"closed","template":"","meta":{"site-sidebar-layout":"no-sidebar","site-content-layout":"","ast-site-content-layout":"full-width-container","site-content-style":"default","site-sidebar-style":"default","ast-global-header-display":"","ast-banner-title-visibility":"","ast-main-header-display":"","ast-hfb-above-header-display":"","ast-hfb-below-header-display":"","ast-hfb-mobile-header-display":"","site-post-title":"disabled","ast-breadcrumbs-content":"","ast-featured-img":"disabled","footer-sml-layout":"","theme-transparent-header-meta":"","adv-header-id-meta":"","stick-header-meta":"","header-above-stick-meta":"","header-main-stick-meta":"","header-below-stick-meta":"","astra-migrate-meta-layouts":"default","ast-page-background-enabled":"default","ast-page-background-meta":{"desktop":{"background-color":"var(--ast-global-color-5)","background-image":"","background-repeat":"repeat","background-position":"center center","background-size":"auto","background-attachment":"scroll","background-type":"","background-media":"","overlay-type":"","overlay-color":"","overlay-opacity":"","overlay-gradient":""},"tablet":{"background-color":"","background-image":"","background-repeat":"repeat","background-position":"center center","background-size":"auto","background-attachment":"scroll","background-type":"","background-media":"","overlay-type":"","overlay-color":"","overlay-opacity":"","overlay-gradient":""},"mobile":{"background-color":"","background-image":"","background-repeat":"repeat","background-position":"center center","background-size":"auto","background-attachment":"scroll","background-type":"","background-media":"","overlay-type":"","overlay-color":"","overlay-opacity":"","overlay-gradient":""}},"ast-content-background-meta":{"desktop":{"background-color":"var(--ast-global-color-4)","background-image":"","background-repeat":"repeat","background-position":"center center","background-size":"auto","background-attachment":"scroll","background-type":"","background-media":"","overlay-type":"","overlay-color":"","overlay-opacity":"","overlay-gradient":""},"tablet":{"background-color":"var(--ast-global-color-4)","background-image":"","background-repeat":"repeat","background-position":"center center","background-size":"auto","background-attachment":"scroll","background-type":"","background-media":"","overlay-type":"","overlay-color":"","overlay-opacity":"","overlay-gradient":""},"mobile":{"background-color":"var(--ast-global-color-4)","background-image":"","background-repeat":"repeat","background-position":"center center","background-size":"auto","background-attachment":"scroll","background-type":"","background-media":"","overlay-type":"","overlay-color":"","overlay-opacity":"","overlay-gradient":""}},"footnotes":""},"class_list":["post-774","page","type-page","status-publish","hentry"],"yoast_head":"<!-- This site is optimized with the Yoast SEO plugin v25.5 - https:\/\/yoast.com\/wordpress\/plugins\/seo\/ -->\n<title>Eventos - InnoVamos<\/title>\n<meta name=\"robots\" content=\"index, follow, max-snippet:-1, max-image-preview:large, max-video-preview:-1\" \/>\n<link rel=\"canonical\" href=\"https:\/\/innovamos-mac.eu\/events\/\" \/>\n<meta property=\"og:locale\" content=\"es_ES\" \/>\n<meta property=\"og:type\" content=\"article\" \/>\n<meta property=\"og:title\" content=\"Eventos - InnoVamos\" \/>\n<meta property=\"og:description\" content=\"Eventos Importante Pr\u00f3ximos Eventos Finalizados No event found! No event found! June 2025 O Projeto InnoVamos Celebrar\u00e1 o Seu Evento [&hellip;]\" \/>\n<meta property=\"og:url\" content=\"https:\/\/innovamos-mac.eu\/events\/\" \/>\n<meta property=\"og:site_name\" content=\"InnoVamos\" \/>\n<meta property=\"article:modified_time\" content=\"2025-06-26T13:10:19+00:00\" \/>\n<meta property=\"og:image\" content=\"https:\/\/innovamos-mac.eu\/wp-content\/uploads\/2025\/06\/portada-evento-innovamos-300x300.jpg\" \/>\n<meta name=\"twitter:card\" content=\"summary_large_image\" \/>\n<script type=\"application\/ld+json\" class=\"yoast-schema-graph\">{\"@context\":\"https:\/\/schema.org\",\"@graph\":[{\"@type\":\"WebPage\",\"@id\":\"https:\/\/innovamos-mac.eu\/events\/\",\"url\":\"https:\/\/innovamos-mac.eu\/events\/\",\"name\":\"Eventos - InnoVamos\",\"isPartOf\":{\"@id\":\"https:\/\/innovamos-mac.eu\/#website\"},\"primaryImageOfPage\":{\"@id\":\"https:\/\/innovamos-mac.eu\/events\/#primaryimage\"},\"image\":{\"@id\":\"https:\/\/innovamos-mac.eu\/events\/#primaryimage\"},\"thumbnailUrl\":\"https:\/\/innovamos-mac.eu\/wp-content\/uploads\/2025\/06\/portada-evento-innovamos-300x300.jpg\",\"datePublished\":\"2025-05-27T11:56:42+00:00\",\"dateModified\":\"2025-06-26T13:10:19+00:00\",\"breadcrumb\":{\"@id\":\"https:\/\/innovamos-mac.eu\/events\/#breadcrumb\"},\"inLanguage\":\"es\",\"potentialAction\":[{\"@type\":\"ReadAction\",\"target\":[\"https:\/\/innovamos-mac.eu\/events\/\"]}]},{\"@type\":\"ImageObject\",\"inLanguage\":\"es\",\"@id\":\"https:\/\/innovamos-mac.eu\/events\/#primaryimage\",\"url\":\"https:\/\/innovamos-mac.eu\/wp-content\/uploads\/2025\/06\/portada-evento-innovamos-300x300.jpg\",\"contentUrl\":\"https:\/\/innovamos-mac.eu\/wp-content\/uploads\/2025\/06\/portada-evento-innovamos-300x300.jpg\"},{\"@type\":\"BreadcrumbList\",\"@id\":\"https:\/\/innovamos-mac.eu\/events\/#breadcrumb\",\"itemListElement\":[{\"@type\":\"ListItem\",\"position\":1,\"name\":\"Home\",\"item\":\"https:\/\/innovamos-mac.eu\/es\/\"},{\"@type\":\"ListItem\",\"position\":2,\"name\":\"Eventos\"}]},{\"@type\":\"WebSite\",\"@id\":\"https:\/\/innovamos-mac.eu\/#website\",\"url\":\"https:\/\/innovamos-mac.eu\/\",\"name\":\"InnoVamos\",\"description\":\"\",\"publisher\":{\"@id\":\"https:\/\/innovamos-mac.eu\/#organization\"},\"potentialAction\":[{\"@type\":\"SearchAction\",\"target\":{\"@type\":\"EntryPoint\",\"urlTemplate\":\"https:\/\/innovamos-mac.eu\/?s={search_term_string}\"},\"query-input\":{\"@type\":\"PropertyValueSpecification\",\"valueRequired\":true,\"valueName\":\"search_term_string\"}}],\"inLanguage\":\"es\"},{\"@type\":\"Organization\",\"@id\":\"https:\/\/innovamos-mac.eu\/#organization\",\"name\":\"InnoVamos\",\"url\":\"https:\/\/innovamos-mac.eu\/\",\"logo\":{\"@type\":\"ImageObject\",\"inLanguage\":\"es\",\"@id\":\"https:\/\/innovamos-mac.eu\/#\/schema\/logo\/image\/\",\"url\":\"https:\/\/innovamos-mac.eu\/wp-content\/uploads\/2025\/05\/logo-innovamos-color.png\",\"contentUrl\":\"https:\/\/innovamos-mac.eu\/wp-content\/uploads\/2025\/05\/logo-innovamos-color.png\",\"width\":327,\"height\":84,\"caption\":\"InnoVamos\"},\"image\":{\"@id\":\"https:\/\/innovamos-mac.eu\/#\/schema\/logo\/image\/\"}}]}<\/script>\n<!-- \/ Yoast SEO plugin. -->","yoast_head_json":{"title":"Eventos - InnoVamos","robots":{"index":"index","follow":"follow","max-snippet":"max-snippet:-1","max-image-preview":"max-image-preview:large","max-video-preview":"max-video-preview:-1"},"canonical":"https:\/\/innovamos-mac.eu\/events\/","og_locale":"es_ES","og_type":"article","og_title":"Eventos - InnoVamos","og_description":"Eventos Importante Pr\u00f3ximos Eventos Finalizados No event found! No event found! June 2025 O Projeto InnoVamos Celebrar\u00e1 o Seu Evento [&hellip;]","og_url":"https:\/\/innovamos-mac.eu\/events\/","og_site_name":"InnoVamos","article_modified_time":"2025-06-26T13:10:19+00:00","og_image":[{"url":"https:\/\/innovamos-mac.eu\/wp-content\/uploads\/2025\/06\/portada-evento-innovamos-300x300.jpg","type":"","width":"","height":""}],"twitter_card":"summary_large_image","schema":{"@context":"https:\/\/schema.org","@graph":[{"@type":"WebPage","@id":"https:\/\/innovamos-mac.eu\/events\/","url":"https:\/\/innovamos-mac.eu\/events\/","name":"Eventos - InnoVamos","isPartOf":{"@id":"https:\/\/innovamos-mac.eu\/#website"},"primaryImageOfPage":{"@id":"https:\/\/innovamos-mac.eu\/events\/#primaryimage"},"image":{"@id":"https:\/\/innovamos-mac.eu\/events\/#primaryimage"},"thumbnailUrl":"https:\/\/innovamos-mac.eu\/wp-content\/uploads\/2025\/06\/portada-evento-innovamos-300x300.jpg","datePublished":"2025-05-27T11:56:42+00:00","dateModified":"2025-06-26T13:10:19+00:00","breadcrumb":{"@id":"https:\/\/innovamos-mac.eu\/events\/#breadcrumb"},"inLanguage":"es","potentialAction":[{"@type":"ReadAction","target":["https:\/\/innovamos-mac.eu\/events\/"]}]},{"@type":"ImageObject","inLanguage":"es","@id":"https:\/\/innovamos-mac.eu\/events\/#primaryimage","url":"https:\/\/innovamos-mac.eu\/wp-content\/uploads\/2025\/06\/portada-evento-innovamos-300x300.jpg","contentUrl":"https:\/\/innovamos-mac.eu\/wp-content\/uploads\/2025\/06\/portada-evento-innovamos-300x300.jpg"},{"@type":"BreadcrumbList","@id":"https:\/\/innovamos-mac.eu\/events\/#breadcrumb","itemListElement":[{"@type":"ListItem","position":1,"name":"Home","item":"https:\/\/innovamos-mac.eu\/es\/"},{"@type":"ListItem","position":2,"name":"Eventos"}]},{"@type":"WebSite","@id":"https:\/\/innovamos-mac.eu\/#website","url":"https:\/\/innovamos-mac.eu\/","name":"InnoVamos","description":"","publisher":{"@id":"https:\/\/innovamos-mac.eu\/#organization"},"potentialAction":[{"@type":"SearchAction","target":{"@type":"EntryPoint","urlTemplate":"https:\/\/innovamos-mac.eu\/?s={search_term_string}"},"query-input":{"@type":"PropertyValueSpecification","valueRequired":true,"valueName":"search_term_string"}}],"inLanguage":"es"},{"@type":"Organization","@id":"https:\/\/innovamos-mac.eu\/#organization","name":"InnoVamos","url":"https:\/\/innovamos-mac.eu\/","logo":{"@type":"ImageObject","inLanguage":"es","@id":"https:\/\/innovamos-mac.eu\/#\/schema\/logo\/image\/","url":"https:\/\/innovamos-mac.eu\/wp-content\/uploads\/2025\/05\/logo-innovamos-color.png","contentUrl":"https:\/\/innovamos-mac.eu\/wp-content\/uploads\/2025\/05\/logo-innovamos-color.png","width":327,"height":84,"caption":"InnoVamos"},"image":{"@id":"https:\/\/innovamos-mac.eu\/#\/schema\/logo\/image\/"}}]}},"_links":{"self":[{"href":"https:\/\/innovamos-mac.eu\/es\/wp-json\/wp\/v2\/pages\/774","targetHints":{"allow":["GET"]}}],"collection":[{"href":"https:\/\/innovamos-mac.eu\/es\/wp-json\/wp\/v2\/pages"}],"about":[{"href":"https:\/\/innovamos-mac.eu\/es\/wp-json\/wp\/v2\/types\/page"}],"author":[{"embeddable":true,"href":"https:\/\/innovamos-mac.eu\/es\/wp-json\/wp\/v2\/users\/1"}],"replies":[{"embeddable":true,"href":"https:\/\/innovamos-mac.eu\/es\/wp-json\/wp\/v2\/comments?post=774"}],"version-history":[{"count":4,"href":"https:\/\/innovamos-mac.eu\/es\/wp-json\/wp\/v2\/pages\/774\/revisions"}],"predecessor-version":[{"id":783,"href":"https:\/\/innovamos-mac.eu\/es\/wp-json\/wp\/v2\/pages\/774\/revisions\/783"}],"wp:attachment":[{"href":"https:\/\/innovamos-mac.eu\/es\/wp-json\/wp\/v2\/media?parent=774"}],"curies":[{"name":"wp","href":"https:\/\/api.w.org\/{rel}","templated":true}]}}